{"id":6780,"date":"2013-10-03T06:31:30","date_gmt":"2013-10-03T06:31:30","guid":{"rendered":"http:\/\/artbees.net\/themes\/jupiter-demo\/?page_id=6780"},"modified":"2014-02-13T16:47:40","modified_gmt":"2014-02-13T16:47:40","slug":"homepage-v2","status":"publish","type":"page","link":"https:\/\/www.fumexproveedormineria.cl\/","title":{"rendered":"Inicio"},"content":{"rendered":"<div class=\"wpb_row vc_row-fluid \">\n\t<div class=\"vc_span3 wpb_column column_container\">\n\t\t\t<div id=\"box-icon-398\" style=\"margin-bottom:30px;\" class=\"  simple_ultimate-style mk-box-icon\"><div class=\"top-side rounded-circle\"><i style=\"color:#fbc061;border-color:#fbc061;\" class=\"mk-icon-archive medium mk-main-ico\"><\/i><div class=\"box-detail-wrapper medium-size\"><h4 style=\"font-size:16px;font-weight:bold;\">Insumos de Miner\u00eda<\/h4>Ofrecemos un sin fin de productos de alta calidad, que se ajustan a las necesidades de la industria minera.<div class=\"clearboth\"><\/div><a class=\"icon-box-readmore\" href=\"\">Leer m\u00e1s<i class=\"mk-icon-caret-right\"><\/i><\/a><\/div><div class=\"clearboth\"><\/div><\/div><\/div><style type=\"text\/css\">#box-icon-398 {color:#555555;}#box-icon-398 h4 {color:#252525!important;}<\/style>\n\t<\/div>\n\t<div class=\"vc_span3 wpb_column column_container\">\n\t\t\t<div id=\"box-icon-407\" style=\"margin-bottom:30px;\" class=\"  simple_ultimate-style mk-box-icon\"><div class=\"top-side rounded-circle\"><i style=\"color:#fbc061;border-color:#fbc061;\" class=\"mk-moon-cube4 medium mk-main-ico\"><\/i><div class=\"box-detail-wrapper medium-size\"><h4 style=\"font-size:16px;font-weight:bold;\">Art\u00edculos Industriales<\/h4>Todos nuestros art\u00edculos est\u00e1n bajo las normas de calidad m\u00e1s rigurosas a nivel internacional. porque nos esforzamos para ofrecer el mejor servicio.<div class=\"clearboth\"><\/div><a class=\"icon-box-readmore\" href=\"\">Leer m\u00e1s<i class=\"mk-icon-caret-right\"><\/i><\/a><\/div><div class=\"clearboth\"><\/div><\/div><\/div><style type=\"text\/css\">#box-icon-407 {color:#555555;}#box-icon-407 h4 {color:#252525!important;}<\/style>\n\t<\/div>\n\t<div class=\"vc_span3 wpb_column column_container\">\n\t\t\t<div id=\"box-icon-919\" style=\"margin-bottom:30px;\" class=\"  simple_ultimate-style mk-box-icon\"><div class=\"top-side rounded-circle\"><i style=\"color:#fbc061;border-color:#fbc061;\" class=\"mk-moon-power medium mk-main-ico\"><\/i><div class=\"box-detail-wrapper medium-size\"><h4 style=\"font-size:16px;font-weight:bold;\">Servicios Especiales<\/h4><span style=\"color: #000000;\">Estamos a disposici\u00f3n de nuestros clientes y de nuevos negocios para hacer crecer tu empresa.<\/span><div class=\"clearboth\"><\/div><a class=\"icon-box-readmore\" href=\"\">Leer m\u00e1s<i class=\"mk-icon-caret-right\"><\/i><\/a><\/div><div class=\"clearboth\"><\/div><\/div><\/div><style type=\"text\/css\">#box-icon-919 {color:#555555;}#box-icon-919 h4 {color:#252525!important;}<\/style>\n\t<\/div>\n\t<div class=\"vc_span3 wpb_column column_container\">\n\t\t\t<div id=\"box-icon-341\" style=\"margin-bottom:30px;\" class=\"  simple_ultimate-style mk-box-icon\"><div class=\"top-side rounded-circle\"><i style=\"color:#fbc061;border-color:#fbc061;\" class=\"mk-moon-database medium mk-main-ico\"><\/i><div class=\"box-detail-wrapper medium-size\"><h4 style=\"font-size:16px;font-weight:bold;\">Insumos publicitarios<\/h4>La filosof\u00eda de Fumex Prooveedor es entregar un servicio integral, apoyando a la mayor cantidad de \u00e1reas de la industria minera.<div class=\"clearboth\"><\/div><a class=\"icon-box-readmore\" href=\"\">Leer m\u00e1s<i class=\"mk-icon-caret-right\"><\/i><\/a><\/div><div class=\"clearboth\"><\/div><\/div><\/div><style type=\"text\/css\">#box-icon-341 {color:#555555;}#box-icon-341 h4 {color:#252525!important;}<\/style>\n\t<\/div><\/div><div class=\"clearboth\"><\/div><\/div><\/div><div id=\"\" class=\"row-fluid full-width-3048  mk-page-section mk-blur-parent mk-shortcode \"><div class=\"mk-video-mask\"><\/div><div style=\"background-color:#000000;opacity:0.4;\" class=\"mk-video-color-mask\"><\/div><div style=\"background-image:url(http:\/\/artbees.net\/themes\/jupiter-demo\/wp-content\/uploads\/2013\/10\/home-vid-img.jpg)\" class=\"mk-video-preload\"><\/div><div class=\"mk-section-video\"><video controls=\"controls\" preload=\"auto\" loop=\"true\" autoplay=\"true\"><source type=\"video\/mp4\" src=\"http:\/\/artbees.net\/themes\/jupiter-demo\/wp-content\/uploads\/2013\/10\/shutterstock_v3702740_4.m4v\" \/><source type=\"video\/webm\" src=\"http:\/\/artbees.net\/themes\/jupiter-demo\/wp-content\/uploads\/2013\/10\/homepage.webm\" \/><object width=\"1900\" height=\"1060\" type=\"application\/x-shockwave-flash\" data=\"https:\/\/www.fumexproveedormineria.cl\/wp-content\/themes\/jupiter\/js\/flashmediaelement.swf\"><param name=\"movie\" value=\"https:\/\/www.fumexproveedormineria.cl\/wp-content\/themes\/jupiter\/js\/flashmediaelement.swf\" \/><param name=\"flashvars\" value=\"controls=true&file=http:\/\/artbees.net\/themes\/jupiter-demo\/wp-content\/uploads\/2013\/10\/shutterstock_v3702740_4.m4v\" \/><\/object><\/video><\/div><div class=\"mk-grid vc_row-fluid row-fluid\"><div class=\"mk-padding-wrapper\">\n\t<div class=\"vc_span12 wpb_column column_container\">\n\t\t\t<div class=\"clearboth\"><\/div><div class=\"mk-shortcode mk-padding-shortcode\" style=\"height:80px\"><\/div><div class=\"clearboth\"><\/div><h2 style=\"font-size: 18px;text-align:center;color: #ffffff;font-weight:bold;margin-top:0px;margin-bottom:18px; \" id=\"fancy-title-481\" class=\"mk-shortcode mk-fancy-title simple-style \"><span style=\"\">CALIDAD EN EL SERVICIO<\/span><\/h2><div class=\"clearboth\"><\/div><h2 style=\"font-size: 60px;text-align:center;color: #fbc061;font-weight:300;margin-top:10px;margin-bottom:18px; \" id=\"fancy-title-399\" class=\"mk-shortcode mk-fancy-title simple-style \"><span style=\"\">COMPROMISO CON EL TRABAJO<\/span><\/h2><div class=\"clearboth\"><\/div><div class=\"clearboth\"><\/div><div class=\"mk-shortcode mk-padding-shortcode\" style=\"height:80px\"><\/div><div class=\"clearboth\"><\/div><div class=\"wpb_row vc_row-fluid \">\n\t<div class=\"vc_span3 wpb_column column_container\">\n\t\t\t<div id=\"box-icon-815\" style=\"margin-bottom:30px;\" class=\"  simple_ultimate-style mk-box-icon\"><div class=\"top-side \"><i style=\"color:#fbc061;\" class=\"mk-moon-dashboard mk-animate-element bottom-to-top  medium mk-main-ico\"><\/i><div class=\"box-detail-wrapper medium-size\"><h4 style=\"font-size:13px;font-weight:bold;\">PLAZOS DE ENTREGA<\/h4><\/div><div class=\"clearboth\"><\/div><\/div><\/div><style type=\"text\/css\">#box-icon-815 {color:#ffffff;}#box-icon-815 h4 {color:#ffffff!important;}<\/style>\n\t<\/div>\n\t<div class=\"vc_span3 wpb_column column_container\">\n\t\t\t<div id=\"box-icon-111\" style=\"margin-bottom:30px;\" class=\"  simple_ultimate-style mk-box-icon\"><div class=\"top-side \"><i style=\"color:#fbc061;\" class=\"mk-moon-cart-checkout mk-animate-element bottom-to-top  medium mk-main-ico\"><\/i><div class=\"box-detail-wrapper medium-size\"><h4 style=\"font-size:13px;font-weight:bold;\">COTIZA EN L\u00cdNEA<\/h4><\/div><div class=\"clearboth\"><\/div><\/div><\/div><style type=\"text\/css\">#box-icon-111 {color:#ffffff;}#box-icon-111 h4 {color:#ffffff!important;}<\/style>\n\t<\/div>\n\t<div class=\"vc_span3 wpb_column column_container\">\n\t\t\t<div id=\"box-icon-886\" style=\"margin-bottom:30px;\" class=\"  simple_ultimate-style mk-box-icon\"><div class=\"top-side \"><i style=\"color:#fbc061;\" class=\"mk-moon-envelop mk-animate-element bottom-to-top  medium mk-main-ico\"><\/i><div class=\"box-detail-wrapper medium-size\"><h4 style=\"font-size:13px;font-weight:bold;\">CONSULTAS AL CORREO<\/h4><\/div><div class=\"clearboth\"><\/div><\/div><\/div><style type=\"text\/css\">#box-icon-886 {color:#ffffff;}#box-icon-886 h4 {color:#ffffff!important;}<\/style>\n\t<\/div>\n\t<div class=\"vc_span3 wpb_column column_container\">\n\t\t\t<div id=\"box-icon-785\" style=\"margin-bottom:30px;\" class=\"  simple_ultimate-style mk-box-icon\"><div class=\"top-side \"><i style=\"color:#fbc061;\" class=\"mk-moon-thumbs-up-3 mk-animate-element bottom-to-top  medium mk-main-ico\"><\/i><div class=\"box-detail-wrapper medium-size\"><h4 style=\"font-size:13px;font-weight:bold;\">PRODUCTOS DE CALIDAD<\/h4><\/div><div class=\"clearboth\"><\/div><\/div><\/div><style type=\"text\/css\">#box-icon-785 {color:#ffffff;}#box-icon-785 h4 {color:#ffffff!important;}<\/style>\n\t<\/div><\/div><div class=\"clearboth\"><\/div><div class=\"mk-shortcode mk-padding-shortcode\" style=\"height:80px\"><\/div><div class=\"clearboth\"><\/div>\n\t<\/div><\/div><div class=\"clearboth\"><\/div><\/div><div class=\"clearboth\"><\/div><\/div><style type=\"text\/css\">\n                   .full-width-3048 {\n                        min-height:100px;\n                        padding:80px 0 50px;\n                        \n                        background-attachment:scroll;\n                        \n                        background-position:left top;\n                        background-repeat:repeat;\n                        margin-bottom:0px;\n                        \n                  }\n                 .full-width-3048 .mk-fancy-title span{\n                        background-color:  !important;\n                    }\n                 <\/style><div><div><div class=\"clearboth\"><\/div><\/div><\/div><div id=\"\" class=\"row-fluid full-width-8577  mk-page-section mk-blur-parent mk-shortcode \"><div class=\"mk-grid vc_row-fluid row-fluid\"><div class=\"mk-padding-wrapper\">\n\t<div class=\"vc_span12 wpb_column column_container\">\n\t\t\t<div class=\"mk-moving-image-shortcode mk-shortcode align-center \"><img decoding=\"async\" class=\"mk-floating-vertical\" alt=\"\" title=\"\" src=\"http:\/\/www.fumexproveedormineria.cl\/wp-content\/uploads\/2013\/12\/logofumex.png\" \/><\/div><div class=\"clearboth\"><\/div><div class=\"clearboth\"><\/div><div class=\"mk-shortcode mk-padding-shortcode\" style=\"height:15px\"><\/div><div class=\"clearboth\"><\/div><h2 style=\"font-size: 36px;text-align:center;color: #252525;font-weight:300;margin-top:30px;margin-bottom:18px; \" id=\"fancy-title-304\" class=\"mk-shortcode mk-fancy-title simple-style \"><span style=\"\">Nuestros clientes<\/span><\/h2><div class=\"clearboth\"><\/div><div class=\"clearboth\"><\/div><div class=\"mk-shortcode mk-padding-shortcode\" style=\"height:70px\"><\/div><div class=\"clearboth\"><\/div><div class=\"wpb_row vc_row-fluid \">\n\t<div class=\"vc_span6 wpb_column column_container\">\n\t\t\t<div class=\"mk-testimonial modern-style mk-flexslider \" id=\"testimonial_1354\"><ul class=\"mk-flex-slides\"><li class=\" testimonial-item\"><div class=\"mk-testimonial-content\"><p class=\"mk-testimonial-quote\">Para nosotros como Minitiva, ha sido un experiencia satisfactoria haber trabajado con Fumex Proveedores.\r\nTodos los plazos del proyecto se cumplieron a cabalidad y la Gesti\u00f3n de Pablo Valles fue impecable.\r\nEstamos contentos por contar con una empresa seria y de calidad.<\/p><div class=\"mk-testimonial-image \"><img loading=\"lazy\" decoding=\"async\" width=\"50\" height=\"50\" src=\"http:\/\/www.fumexproveedormineria.cl\/wp-content\/uploads\/thumb-cache\/rodrigo-da581d5bed5595449ce1743dc251441b-120x120-100-crop.jpg\" alt=\"Rodrigo Valenzuela\" \/><\/div><span class=\"mk-testimonial-author\">Rodrigo Valenzuela<\/span><a href=\"#\" class=\"mk-testimonial-company\">Minitva<\/a><div class=\"clearboth\"><\/div><\/div><\/li>\n\n<\/ul><\/div>\n\n\n\n<script type=\"text\/javascript\">\n\n        jQuery(document).ready(function() {\n            jQuery(window).on(\"load\",function () {\n                jQuery(\"#testimonial_1354\").flexslider({\n                    selector: \".mk-flex-slides > li\",\n                    slideshow: true,\n                    animation: \"fade\",\n                    smoothHeight: false,\n                    slideshowSpeed: 5000,\n                    animationSpeed: 500,\n                    directionNavArrowsLeft : '<i class=\"mk-icon-chevron-left\"><\/i>',\n    \t\t\t\tdirectionNavArrowsRight : '<i class=\"mk-icon-chevron-right\"><\/i>',\n                    pauseOnHover: true,\n                    controlNav: true,\n                    directionNav:false,\n                    prevText: \"\",\n                    nextText: \"\"\n                });\n            });\n        });\n        <\/script>\n\t<\/div>\n\t<div class=\"vc_span6 wpb_column column_container\">\n\t\t\t<div data-animation=\"slide\" data-easing=\"swing\" data-direction=\"horizontal\" data-smoothHeight=\"false\" data-slideshowSpeed=\"4000\" data-animationSpeed=\"500\" data-pauseOnHover=\"true\" data-controlNav=\"false\" data-directionNav=\"false\" data-isCarousel=\"true\" data-itemWidth=\"184\" data-itemMargin=\"0\" data-minItems=\"1\" data-maxItems=\"6\" data-move=\"1\" class=\"mk-clients-shortcode mk-script-call mk-flexslider mk-shortcode \"><ul class=\"mk-flex-slides\"><li><div title=\"Baldor\" class=\"client-logo\" style=\"background-image:url(https:\/\/www.fumexproveedormineria.cl\/wp-content\/uploads\/2013\/10\/baldor1.png);  height:110px;  background-color:#fafafa;  border-color:#fafafa; \"><\/div><\/li><li><div title=\"baldor\" class=\"client-logo\" style=\"background-image:url(https:\/\/www.fumexproveedormineria.cl\/wp-content\/uploads\/2013\/10\/baldor1.png);  height:110px;  background-color:#fafafa;  border-color:#fafafa; \"><\/div><\/li><li><div title=\"Baldor\" class=\"client-logo\" style=\"background-image:url(https:\/\/www.fumexproveedormineria.cl\/wp-content\/uploads\/2013\/10\/baldor1.png);  height:110px;  background-color:#fafafa;  border-color:#fafafa; \"><\/div><\/li><\/ul><\/div><div data-animation=\"slide\" data-easing=\"swing\" data-direction=\"horizontal\" data-smoothHeight=\"false\" data-slideshowSpeed=\"4000\" data-animationSpeed=\"500\" data-pauseOnHover=\"true\" data-controlNav=\"false\" data-directionNav=\"false\" data-isCarousel=\"true\" data-itemWidth=\"184\" data-itemMargin=\"0\" data-minItems=\"1\" data-maxItems=\"6\" data-move=\"1\" class=\"mk-clients-shortcode mk-script-call mk-flexslider mk-shortcode \"><ul class=\"mk-flex-slides\"><li><div title=\"Baldor\" class=\"client-logo\" style=\"background-image:url(https:\/\/www.fumexproveedormineria.cl\/wp-content\/uploads\/2013\/10\/baldor1.png);  height:110px;  background-color:#fafafa;  border-color:#fafafa; \"><\/div><\/li><li><div title=\"Baldor\" class=\"client-logo\" style=\"background-image:url(https:\/\/www.fumexproveedormineria.cl\/wp-content\/uploads\/2013\/10\/baldor1.png);  height:110px;  background-color:#fafafa;  border-color:#fafafa; \"><\/div><\/li><li><a target=\"_self\" href=\"http:\/\/www.baldor.com\/\"><div title=\"Baldor\" class=\"client-logo\" style=\"background-image:url(https:\/\/www.fumexproveedormineria.cl\/wp-content\/uploads\/2013\/10\/baldor1.png);  height:110px;  background-color:#fafafa;  border-color:#fafafa; \"><\/div><\/a><\/li><\/ul><\/div>\n\t<\/div><\/div><div class=\"clearboth\"><\/div><div class=\"mk-shortcode mk-padding-shortcode\" style=\"height:15px\"><\/div><div class=\"clearboth\"><\/div>\n\t<\/div><\/div><div class=\"clearboth\"><\/div><\/div><div class=\"clearboth\"><\/div><\/div><style type=\"text\/css\">\n                   .full-width-8577 {\n                        min-height:100px;\n                        padding:20px 0 0px;\n                        \n                        background-attachment:scroll;\n                        background-color:#fafafa;\n                        background-position:left top;\n                        background-repeat:repeat;\n                        margin-bottom:0px;\n                        border:1px solid #fafafa;border-left:none;border-right:none;\n                  }\n                 .full-width-8577 .mk-fancy-title span{\n                        background-color: #fafafa !important;\n                    }\n                 <\/style><div class=\"theme-page-wrapper -layout mk-grid vc_row-fluid row-fluid\"><div class=\"theme-content\"><div class=\"clearboth\"><\/div><\/div><\/div><div id=\"\" class=\"row-fluid full-width-7100  mk-page-section mk-blur-parent mk-shortcode \"><div class=\"mk-grid vc_row-fluid row-fluid\"><div class=\"mk-padding-wrapper\">\n\t<div class=\"vc_span8 wpb_column column_container\">\n\t\t\t<div class=\"clearboth\"><\/div><div class=\"mk-shortcode mk-padding-shortcode\" style=\"height:12px\"><\/div><div class=\"clearboth\"><\/div><h2 style=\"font-size: 22px;text-align:right;color: #ffffff;font-weight:normal;margin-top:0px;margin-bottom:0px; \" id=\"fancy-title-165\" class=\"mk-shortcode mk-fancy-title simple-style \"><span style=\"\">QUIERE CONT\u00c1CTARSE CON NOSOTROS?<\/span><\/h2><div class=\"clearboth\"><\/div>\n\t<\/div>\n\t<div class=\"vc_span4 wpb_column column_container\">\n\t\t\t<div class=\"mk-button-align left\"><a href=\"\" target=\"_self\"  class=\"mk-button outline-btn-light button-375 light mk-shortcode outline-dimension large \">H\u00e1galo aqu\u00ed<\/a><\/div>\n\n<style type=\"text\/css\">\n        .button-375 {\n                margin-bottom: 15px;\n                margin-top: 5px;\n\n        }\n                <\/style>\n\t<\/div><\/div><div class=\"clearboth\"><\/div><\/div><div class=\"clearboth\"><\/div><\/div><style type=\"text\/css\">\n                   .full-width-7100 {\n                        min-height:100px;\n                        padding:44px 0 0px;\n                        \n                        background-attachment:scroll;\n                        background-color:#00c1cf;\n                        background-position:left top;\n                        background-repeat:repeat;\n                        margin-bottom:0px;\n                        border:1px solid #00c1cf;border-left:none;border-right:none;\n                  }\n                 .full-width-7100 .mk-fancy-title span{\n                        background-color: #00c1cf !important;\n                    }\n                 <\/style><div><div><div class=\"clearboth\"><\/div><\/div><\/div><div id=\"\" class=\"row-fluid full-width-5274 mk-background-stretch  mk-page-section mk-blur-parent mk-shortcode \"><div class=\"mk-grid vc_row-fluid row-fluid\"><div class=\"mk-padding-wrapper\">\n\t<div class=\"vc_span12 wpb_column column_container\">\n\t\t\t<div class=\"mk-moving-image-shortcode mk-shortcode align-center \"><img decoding=\"async\" class=\"mk-floating-vertical\" alt=\"\" title=\"\" src=\"http:\/\/artbees.net\/themes\/jupiter-demo\/wp-content\/uploads\/2013\/10\/mail.png\" \/><\/div><div class=\"clearboth\"><\/div><div class=\"clearboth\"><\/div><div class=\"mk-shortcode mk-padding-shortcode\" style=\"height:15px\"><\/div><div class=\"clearboth\"><\/div><h2 style=\"font-size: 36px;text-align:center;color: #ffffff;font-weight:300;margin-top:30px;margin-bottom:18px; \" id=\"fancy-title-856\" class=\"mk-shortcode mk-fancy-title simple-style \"><span style=\"\">Hablemos!<\/span><\/h2><div class=\"clearboth\"><\/div><h2 style=\"font-size: 16px;text-align:center;color: #ffffff;font-weight:normal;margin-top:20px;margin-bottom:18px; \" id=\"fancy-title-124\" class=\"mk-shortcode mk-fancy-title simple-style \"><span style=\"\">Escr\u00edbenos y hablemos de lo que necesitas<\/span><\/h2><div class=\"clearboth\"><\/div><div class=\"clearboth\"><\/div><div class=\"mk-shortcode mk-padding-shortcode\" style=\"height:20px\"><\/div><div class=\"clearboth\"><\/div><div class=\"wpb_row vc_row-fluid \">\n\t<div class=\"vc_span3 wpb_column column_container\">\n\t\t\t\n\t<\/div>\n\t<div class=\"vc_span6 wpb_column column_container\">\n\t\t\t\n<div class=\"mk-contact-form-wrapper mk-shortcode contact-light modern-style \">\n    <form class=\"mk-contact-form\" action=\"https:\/\/www.fumexproveedormineria.cl\/wp-content\/themes\/jupiter\/sendmail.php\" method=\"post\" novalidate=\"novalidate\">\n        <div class=\"mk-form-row\"><input placeholder=\"Tu nombre\" type=\"text\" required=\"required\" id=\"contact_name\" name=\"contact_name\" class=\"text-input watermark-input\" value=\"\" tabindex=\"530\" \/><\/div>\n        <div class=\"mk-form-row\"><input placeholder=\"Tu Email\" type=\"email\" required=\"required\" id=\"contact_email\" name=\"contact_email\" class=\"text-input watermark-input\" value=\"\" tabindex=\"531\" \/><\/div>\n        <div class=\"mk-form-row\"><textarea required=\"required\" placeholder=\"Mensajes\" name=\"contact_content\" id=\"contact_content\" class=\"mk-textarea\" tabindex=\"532\"><\/textarea><\/div>\n        <div class=\"mk-form-row\"><button tabindex=\"533\" class=\"mk-button outline-btn-light outline-dimension contact-form-button large\">Enviar<\/button><\/div>\n        <i class=\"mk-contact-loading mk-icon-spinner mk-icon-spin\"><\/i>\n        <i class=\"mk-contact-success mk-icon-ok-sign\"><\/i>\n        <input type=\"hidden\" value=\"#\" name=\"contact_to\"\/>\n    <\/form>\n    <div class=\"clearboth\"><\/div>\n\n<\/div>\n\t<\/div>\n\t<div class=\"vc_span3 wpb_column column_container\">\n\t\t\t\n\t<\/div><\/div>\n\t<\/div><\/div><div class=\"clearboth\"><\/div><\/div><div class=\"clearboth\"><\/div><\/div><style type=\"text\/css\">\n                   .full-width-5274 {\n                        min-height:100px;\n                        padding:50px 0 20px;\n                        background-image:url(http:\/\/artbees.net\/themes\/jupiter-demo\/wp-content\/uploads\/2013\/10\/contact-bg1.jpg); \n                        background-attachment:fixed;\n                        \n                        background-position:left top;\n                        background-repeat:repeat;\n                        margin-bottom:0px;\n                        \n                  }\n                 .full-width-5274 .mk-fancy-title span{\n                        background-color:  !important;\n                    }\n                 <\/style><script type=\"text\/javascript\">\n                    jQuery(document).ready(function() {\n                        if(!is_touch_device()) {\n                         jQuery(\".full-width-5274\").parallax(\"49%\", .2);\n                        }\n                    });\n                 <\/script><div><div>\n","protected":false},"excerpt":{"rendered":"","protected":false},"author":1,"featured_media":0,"parent":0,"menu_order":0,"comment_status":"open","ping_status":"closed","template":"","meta":{"footnotes":""},"class_list":["post-6780","page","type-page","status-publish","hentry"],"_links":{"self":[{"href":"https:\/\/www.fumexproveedormineria.cl\/index.php?rest_route=\/wp\/v2\/pages\/6780","targetHints":{"allow":["GET"]}}],"collection":[{"href":"https:\/\/www.fumexproveedormineria.cl\/index.php?rest_route=\/wp\/v2\/pages"}],"about":[{"href":"https:\/\/www.fumexproveedormineria.cl\/index.php?rest_route=\/wp\/v2\/types\/page"}],"author":[{"embeddable":true,"href":"https:\/\/www.fumexproveedormineria.cl\/index.php?rest_route=\/wp\/v2\/users\/1"}],"replies":[{"embeddable":true,"href":"https:\/\/www.fumexproveedormineria.cl\/index.php?rest_route=%2Fwp%2Fv2%2Fcomments&post=6780"}],"version-history":[{"count":10,"href":"https:\/\/www.fumexproveedormineria.cl\/index.php?rest_route=\/wp\/v2\/pages\/6780\/revisions"}],"predecessor-version":[{"id":7503,"href":"https:\/\/www.fumexproveedormineria.cl\/index.php?rest_route=\/wp\/v2\/pages\/6780\/revisions\/7503"}],"wp:attachment":[{"href":"https:\/\/www.fumexproveedormineria.cl\/index.php?rest_route=%2Fwp%2Fv2%2Fmedia&parent=6780"}],"curies":[{"name":"wp","href":"https:\/\/api.w.org\/{rel}","templated":true}]}}